{"id":128,"date":"2018-01-19T07:49:23","date_gmt":"2018-01-19T06:49:23","guid":{"rendered":"http:\/\/bike-culture.de\/?page_id=128"},"modified":"2018-01-27T11:53:50","modified_gmt":"2018-01-27T10:53:50","slug":"pflegetipps","status":"publish","type":"page","link":"http:\/\/bike-culture.de\/?page_id=128","title":{"rendered":"Pflegetipps"},"content":{"rendered":"<p><b><i>Fahrrad-Pflege<\/i><\/b><\/p>\n<p>Fahrrad-Pflege setzt keine wirklichen F\u00e4higkeiten voraus, einzig die Bereitschaft, sich auch mal die Finger schmutzig zu machen, Ihr Fahrrad wird\u00b4s Ihnen danken.<\/p>\n<p>Neben der im Vordergrund stehenden Pflege ist eine weiterer Punkt ganz wichtig, der pr\u00fcfende Blick ist dann dabei und kann schon das eine oder andere technische Problem entdecken lassen, beispielsweise Verschlei\u00df inform von Abrieb an Felgen und Bremsbel\u00e4gen.<\/p>\n<p><b>Rahmen und Anbauteile (ohne Antriebskomponenten):<\/b><\/p>\n<p>Schlammspuren und \u00e4hnliche Verschmutzungen lassen sich am Rahmen und an den Anbauteilen am Leichtesten mit einem Eimer warmen Wassers mit Sp\u00fclmittel und mithilfe eines weichen Schwammes bzw. Putzlumpen beseitigen. \u00a0Nat\u00fcrlich kann f\u00fcr diese Arbeiten auch ein Reinigungs-\/Putz\u00f6l benutzt werden, das hinterher eine sch\u00fctzende Schicht hinterl\u00e4sst, allerdings sollte diese \u00f6lhaltige Fl\u00fcssigkeit nicht mit der Felge\/Bremsscheiben in Ber\u00fchrung kommen, die Bremswirkung nimmt wegen des Schmierfilms drastisch ab, Unfallgefahr!<\/p>\n<p><b>Antrieb, Kette:<\/b><\/p>\n<p>Schmutz erst \u00e4u\u00dferlich mechanisch mit Hilfe eines Schraubendrehers\/alter Zahnb\u00fcrste\/Lumpen entfernen, dabei auch bei\u00a0Mehrfachzahnkr\u00e4nzen die Zwischenr\u00e4ume und auch die R\u00f6llchen der Kettenschaltung grob reinigen. Sollte das nicht ausreichen finden Reinigungsmittel Anwendung wie Kettenreiniger u. \u00e4., bei extrem verdreckten\/verklebten Ketten helfen<br \/>\nauch Kettenreinigungsger\u00e4te. Nach der Anwendung jeglicher Reiniger sollte das Nachschmieren der Kette nicht vergessen\u00a0werden! Auch wenn einige Hersteller den Einsatz von Kettenreinigungsger\u00e4ten ablehnen, habe ich damit sehr gute Erfahrungen gemacht.<\/p>\n<p><b>Felgen:<\/b><\/p>\n<p>K\u00f6nnen erst auch mal mit Sp\u00fclmittelwasser abgewaschen werden, allerdings wird sich der Abrieb der Felgen und der\u00a0Bremsbel\u00e4ge damit nicht wegwischen lassen, da empfehlen sich anschlie\u00dfend nicht nachschmierende und nicht allzu<br \/>\naggresive Reinige wie z. B. Spiritus. Dabei werden die Bremsflanken auch gleich fettfrei gemacht.<\/p>\n<p><b>Reifen:<\/b><\/p>\n<p>W\u00fcrde ich bei schlammartigen Verschmutzungen von Zeit zu Zeit mal mit einer B\u00fcrste trocken reinigen und wenn n\u00f6tig mit Sp\u00fclwasser nachreinigen. Nach dem Trocknen sollten Sie sich das Profil und die Reifenseitenflanken genauer hin betrachten, auf Risse, Schnitte, L\u00f6cher oder drinsteckende Gegenst\u00e4nde. Gerade im Bereich der Lauffl\u00e4che sollten Sie sich etwas Zeit zur Reinigung des Reifensprofils nehmen und so alle drinsteckenden Gegenst\u00e4nde entfernen, das verhindert oft sp\u00e4tere Durchstiche und somit Plattfu\u00df.<\/p>\n<p>&nbsp;<\/p>\n<p>Vom Einsatz von Dampfstrahlern ist dringend abzuraten, wie auch von der Benutzung eines scharfen Wasserstahls, in beiden F\u00e4llen w\u00fcrde die Schmierung aus Lagern herausgedr\u00fcckt werden und so die Lager sehr schnell Schaden nehmen.<\/p>\n<p>Nat\u00fcrlich gibt es jede Menge verschiedenster Hi-Tech-Reinigungsmittel und auch die Empfehlungen werden ebenso vielf\u00e4ltig sein. Der wirkliche Wert eines solchen Reinigungsmittels ist wirklich schwer zu ermitteln.<\/p>\n","protected":false},"excerpt":{"rendered":"<p>Fahrrad-Pflege Fahrrad-Pflege setzt keine wirklichen F\u00e4higkeiten voraus, einzig die Bereitschaft, sich auch mal die Finger schmutzig zu machen, Ihr Fahrrad wird\u00b4s Ihnen danken. Neben der im Vordergrund stehenden Pflege ist eine weiterer Punkt ganz wichtig, der pr\u00fcfende Blick ist dann dabei und kann schon das eine oder andere technische Problem entdecken lassen, beispielsweise Verschlei\u00df inform &hellip; <\/p>\n<p class=\"link-more\"><a href=\"http:\/\/bike-culture.de\/?page_id=128\" class=\"more-link\"><span class=\"screen-reader-text\">\u201ePflegetipps\u201c<\/span> weiterlesen<\/a><\/p>\n","protected":false},"author":1,"featured_media":0,"parent":0,"menu_order":0,"comment_status":"closed","ping_status":"closed","template":"","meta":[],"_links":{"self":[{"href":"http:\/\/bike-culture.de\/index.php?rest_route=\/wp\/v2\/pages\/128"}],"collection":[{"href":"http:\/\/bike-culture.de\/index.php?rest_route=\/wp\/v2\/pages"}],"about":[{"href":"http:\/\/bike-culture.de\/index.php?rest_route=\/wp\/v2\/types\/page"}],"author":[{"embeddable":true,"href":"http:\/\/bike-culture.de\/index.php?rest_route=\/wp\/v2\/users\/1"}],"replies":[{"embeddable":true,"href":"http:\/\/bike-culture.de\/index.php?rest_route=%2Fwp%2Fv2%2Fcomments&post=128"}],"version-history":[{"count":3,"href":"http:\/\/bike-culture.de\/index.php?rest_route=\/wp\/v2\/pages\/128\/revisions"}],"predecessor-version":[{"id":254,"href":"http:\/\/bike-culture.de\/index.php?rest_route=\/wp\/v2\/pages\/128\/revisions\/254"}],"wp:attachment":[{"href":"http:\/\/bike-culture.de\/index.php?rest_route=%2Fwp%2Fv2%2Fmedia&parent=128"}],"curies":[{"name":"wp","href":"https:\/\/api.w.org\/{rel}","templated":true}]}}