{"id":293,"date":"2018-06-08T06:24:25","date_gmt":"2018-06-08T04:24:25","guid":{"rendered":"http:\/\/bike-culture.de\/?page_id=293"},"modified":"2023-01-22T17:01:19","modified_gmt":"2023-01-22T16:01:19","slug":"gravelbike-trifft-randonneur","status":"publish","type":"page","link":"http:\/\/bike-culture.de\/?page_id=293","title":{"rendered":"Gravelbike trifft Randonneur"},"content":{"rendered":"<p>Da ist mal wieder etwas Neues \u00fcber den gro\u00dfen Teich aus Amerika her\u00fcbergeschwappt und steht in Konkurrenz zu traditionellen europ\u00e4ischen Produkten, Gravelbike trifft Randonneur.<br \/>\nDas Gravelbike vereint moderne Zutaten aus Rennrad und MTB.<br \/>\nF\u00fcr mein Verst\u00e4ndnis unterscheidet sich ein Gravelbike vom Cross-\/Querfeldeinrad durch eine andere Geometrie, es sollten folgende Unterschiede aufweisen:<\/p>\n<ul>\n<li>ein tieferes Tretlager<\/li>\n<li>ein l\u00e4ngeres Oberrohr<\/li>\n<li>h\u00f6heres Steuerrohr f\u00fcr entspannteres Sitzen<\/li>\n<li>einen l\u00e4ngeren Hinterbau um gen\u00fcgend Fu\u00dffreiheit zu den Packtaschen zu haben<\/li>\n<\/ul>\n<p>Dementsprechend unterscheiden sich diese Fahrradtypen in ihren Fahrverhalten.<\/p>\n<p>Sicherlich wird der eine oder andere Anbieter beim Gravelbike mit einer Mischgeometrie zwischen Cyclocross und Gravel arbeiten, andere werden reine Cyclocross-Geometrien verwenden.<br \/>\nAlso Augen offenhalten und sich vorher genau \u00fcberlegen f\u00fcr welche Zwecke man das Fahrrad einsetzen m\u00f6chte.<\/p>\n<p>Unterschiede sind sicherlich auch all die Befestigungsm\u00f6glichkeiten f\u00fcr Gep\u00e4cktr\u00e4ger\/Schutzbleche, Flaschenhalter aber auch bei der Lenkerform des Rennlenkers. Gravelbikes sind durchweg mit Scheibenbremsen ausgestattet. Weitere Merkmals sind ein- oder zweifach Kettenblatt.<\/p>\n<p>Gravelbikes sind in der Regel meist nicht f\u00fcr den Transport von viel Gep\u00e4ck gemacht, das zeigt einerseits das zul\u00e4ssige Gesamtgewicht des Fahrrades, die \u00dcbersetzung und auch die Auslegung der Bremsanlage.<br \/>\nGep\u00e4ck wird an diesem Fahrradtyp eher selten traditionell befestigt, daher finden sich in der Regel keine Gep\u00e4cktr\u00e4ger an diesen R\u00e4dern. Taschen werden eher direkt an Rahmen\/Lenker\/Sattel und Sattelst\u00fctze befestigt.<\/p>\n<p>Ich selbst bleibe meinem klassischen Randonneur treu, auch wenn manche sagen, das Fahrrad sei altmodisch.<br \/>\nF\u00fcr mich ist der problemlose Gep\u00e4cktransport einer der wichtigen Punkte, wie auch die entsprechende Verz\u00f6gerung der Bremsanlage und ein breiter \u00dcbersetzungbereich eben mit einem 3-fach Kettenblatt.<\/p>\n<p>Ich bin gespannt, was aus der Kombination beider Fahrradtypen entstehen wird, so manche Komponenten lassen sich an beiden Fahrradtypen verwenden.<\/p>\n<p>Ich habe unter anderem das Centurion Gravelbike crossfire gravel 3000 probegefahren, sehr gut gefallen haben mir das Fahrverhalten und die Lenkerform. Die maximale Zuladung von 100 kg zeugt von der sportlichen Auslegung und schlie\u00dft so bestimmte Benutzergruppen und Einsatzgebiete aus.<\/p>\n<p>&nbsp;<\/p>\n<p>&nbsp;<\/p>\n","protected":false},"excerpt":{"rendered":"<p>Da ist mal wieder etwas Neues \u00fcber den gro\u00dfen Teich aus Amerika her\u00fcbergeschwappt und steht in Konkurrenz zu traditionellen europ\u00e4ischen Produkten, Gravelbike trifft Randonneur. Das Gravelbike vereint moderne Zutaten aus Rennrad und MTB. F\u00fcr mein Verst\u00e4ndnis unterscheidet sich ein Gravelbike vom Cross-\/Querfeldeinrad durch eine andere Geometrie, es sollten folgende Unterschiede aufweisen: ein tieferes Tretlager ein &hellip; <\/p>\n<p class=\"link-more\"><a href=\"http:\/\/bike-culture.de\/?page_id=293\" class=\"more-link\"><span class=\"screen-reader-text\">\u201eGravelbike trifft Randonneur\u201c<\/span> weiterlesen<\/a><\/p>\n","protected":false},"author":1,"featured_media":0,"parent":0,"menu_order":1,"comment_status":"closed","ping_status":"closed","template":"","meta":[],"_links":{"self":[{"href":"http:\/\/bike-culture.de\/index.php?rest_route=\/wp\/v2\/pages\/293"}],"collection":[{"href":"http:\/\/bike-culture.de\/index.php?rest_route=\/wp\/v2\/pages"}],"about":[{"href":"http:\/\/bike-culture.de\/index.php?rest_route=\/wp\/v2\/types\/page"}],"author":[{"embeddable":true,"href":"http:\/\/bike-culture.de\/index.php?rest_route=\/wp\/v2\/users\/1"}],"replies":[{"embeddable":true,"href":"http:\/\/bike-culture.de\/index.php?rest_route=%2Fwp%2Fv2%2Fcomments&post=293"}],"version-history":[{"count":4,"href":"http:\/\/bike-culture.de\/index.php?rest_route=\/wp\/v2\/pages\/293\/revisions"}],"predecessor-version":[{"id":336,"href":"http:\/\/bike-culture.de\/index.php?rest_route=\/wp\/v2\/pages\/293\/revisions\/336"}],"wp:attachment":[{"href":"http:\/\/bike-culture.de\/index.php?rest_route=%2Fwp%2Fv2%2Fmedia&parent=293"}],"curies":[{"name":"wp","href":"https:\/\/api.w.org\/{rel}","templated":true}]}}